{"id":982,"date":"2026-04-06T12:39:58","date_gmt":"2026-04-06T12:39:58","guid":{"rendered":"https:\/\/knsb.put.poznan.pl\/?page_id=982"},"modified":"2026-04-07T10:19:24","modified_gmt":"2026-04-07T10:19:24","slug":"historia","status":"publish","type":"page","link":"https:\/\/knsb.put.poznan.pl\/index.php\/historia\/","title":{"rendered":"Historia"},"content":{"rendered":"\t\t<div data-elementor-type=\"wp-page\" data-elementor-id=\"982\" class=\"elementor elementor-982\">\n\t\t\t\t<div class=\"elementor-element elementor-element-f50db40 e-flex e-con-boxed e-con e-parent\" data-id=\"f50db40\" data-element_type=\"container\" data-e-type=\"container\">\n\t\t\t\t\t<div class=\"e-con-inner\">\n\t\t\t\t<div class=\"elementor-element elementor-element-4739a6e elementor-widget elementor-widget-image\" data-id=\"4739a6e\" data-element_type=\"widget\" data-e-type=\"widget\" data-widget_type=\"image.default\">\n\t\t\t\t<div class=\"elementor-widget-container\">\n\t\t\t\t\t\t\t\t\t\t\t\t\t\t\t<img fetchpriority=\"high\" decoding=\"async\" width=\"1024\" height=\"576\" src=\"https:\/\/knsb.put.poznan.pl\/wp-content\/uploads\/2026\/04\/historia-1024x576.jpg\" class=\"attachment-large size-large wp-image-985\" alt=\"\" srcset=\"https:\/\/knsb.put.poznan.pl\/wp-content\/uploads\/2026\/04\/historia-1024x576.jpg 1024w, https:\/\/knsb.put.poznan.pl\/wp-content\/uploads\/2026\/04\/historia-300x169.jpg 300w, https:\/\/knsb.put.poznan.pl\/wp-content\/uploads\/2026\/04\/historia-768x432.jpg 768w, https:\/\/knsb.put.poznan.pl\/wp-content\/uploads\/2026\/04\/historia-1536x864.jpg 1536w, https:\/\/knsb.put.poznan.pl\/wp-content\/uploads\/2026\/04\/historia-800x450.jpg 800w, https:\/\/knsb.put.poznan.pl\/wp-content\/uploads\/2026\/04\/historia.jpg 1920w\" sizes=\"(max-width: 1024px) 100vw, 1024px\" \/>\t\t\t\t\t\t\t\t\t\t\t\t\t\t\t<\/div>\n\t\t\t\t<\/div>\n\t\t\t\t\t<\/div>\n\t\t\t\t<\/div>\n\t\t<div class=\"elementor-element elementor-element-6d3b816 e-flex e-con-boxed e-con e-parent\" data-id=\"6d3b816\" data-element_type=\"container\" data-e-type=\"container\">\n\t\t\t\t\t<div class=\"e-con-inner\">\n\t\t\t\t<div class=\"elementor-element elementor-element-9b8aa0f elementor-widget elementor-widget-text-editor\" data-id=\"9b8aa0f\" data-element_type=\"widget\" data-e-type=\"widget\" data-widget_type=\"text-editor.default\">\n\t\t\t\t<div class=\"elementor-widget-container\">\n\t\t\t\t\t\t\t\t\t<p>Historia. Budujemy j\u0105 wsp\u00f3lnie ka\u017cdego dnia my\u015bl\u0105c o tym, co b\u0119dzie \u201ejutro\u201d.<\/p><p>Nie zapominamy jednak o \u201ewczoraj\u201d, bo KNSB to ludzie, przyja\u017anie, wspomnienia.<\/p><p>Je\u015bli by\u0142e\u015b za studenckich czas\u00f3w w szeregach KNSB i chcia\u0142by\u015b podzieli\u0107 si\u0119 tymi wspomnieniami napisz do nas!<\/p>\t\t\t\t\t\t\t\t<\/div>\n\t\t\t\t<\/div>\n\t\t\t\t\t<\/div>\n\t\t\t\t<\/div>\n\t\t<div class=\"elementor-element elementor-element-0e7732d e-flex e-con-boxed e-con e-parent\" data-id=\"0e7732d\" data-element_type=\"container\" data-e-type=\"container\">\n\t\t\t\t\t<div class=\"e-con-inner\">\n\t\t\t\t<div class=\"elementor-element elementor-element-3e3eb8c elementor-widget-divider--view-line elementor-widget elementor-widget-divider\" data-id=\"3e3eb8c\" data-element_type=\"widget\" data-e-type=\"widget\" data-widget_type=\"divider.default\">\n\t\t\t\t<div class=\"elementor-widget-container\">\n\t\t\t\t\t\t\t<div class=\"elementor-divider\">\n\t\t\t<span class=\"elementor-divider-separator\">\n\t\t\t\t\t\t<\/span>\n\t\t<\/div>\n\t\t\t\t\t\t<\/div>\n\t\t\t\t<\/div>\n\t\t\t\t<div class=\"elementor-element elementor-element-94db035 elementor-widget elementor-widget-text-editor\" data-id=\"94db035\" data-element_type=\"widget\" data-e-type=\"widget\" data-widget_type=\"text-editor.default\">\n\t\t\t\t<div class=\"elementor-widget-container\">\n\t\t\t\t\t\t\t\t\t<p>Strona znajduje si\u0119 na serwerze Politechniki Pozna\u0144skiej.\u00a0<\/p>\t\t\t\t\t\t\t\t<\/div>\n\t\t\t\t<\/div>\n\t\t\t\t\t<\/div>\n\t\t\t\t<\/div>\n\t\t\t\t<\/div>\n\t\t","protected":false},"excerpt":{"rendered":"<p>Historia. Budujemy j\u0105 wsp\u00f3lnie ka\u017cdego dnia my\u015bl\u0105c o tym, co b\u0119dzie \u201ejutro\u201d. Nie zapominamy jednak o \u201ewczoraj\u201d, bo KNSB to ludzie, przyja\u017anie, wspomnienia. Je\u015bli by\u0142e\u015b za studenckich czas\u00f3w w szeregach KNSB i chcia\u0142by\u015b podzieli\u0107 si\u0119 tymi wspomnieniami napisz do nas! Strona znajduje si\u0119 na serwerze Politechniki Pozna\u0144skiej.\u00a0<\/p>\n","protected":false},"author":1,"featured_media":0,"parent":0,"menu_order":0,"comment_status":"closed","ping_status":"closed","template":"","meta":{"ocean_post_layout":"full-screen","ocean_both_sidebars_style":"","ocean_both_sidebars_content_width":0,"ocean_both_sidebars_sidebars_width":0,"ocean_sidebar":"","ocean_second_sidebar":"","ocean_disable_margins":"enable","ocean_add_body_class":"","ocean_shortcode_before_top_bar":"","ocean_shortcode_after_top_bar":"","ocean_shortcode_before_header":"","ocean_shortcode_after_header":"","ocean_has_shortcode":"","ocean_shortcode_after_title":"","ocean_shortcode_before_footer_widgets":"","ocean_shortcode_after_footer_widgets":"","ocean_shortcode_before_footer_bottom":"","ocean_shortcode_after_footer_bottom":"","ocean_display_top_bar":"off","ocean_display_header":"default","ocean_header_style":"","ocean_center_header_left_menu":"","ocean_custom_header_template":"","ocean_custom_logo":0,"ocean_custom_retina_logo":0,"ocean_custom_logo_max_width":0,"ocean_custom_logo_tablet_max_width":0,"ocean_custom_logo_mobile_max_width":0,"ocean_custom_logo_max_height":0,"ocean_custom_logo_tablet_max_height":0,"ocean_custom_logo_mobile_max_height":0,"ocean_header_custom_menu":"","ocean_menu_typo_font_family":"","ocean_menu_typo_font_subset":"","ocean_menu_typo_font_size":0,"ocean_menu_typo_font_size_tablet":0,"ocean_menu_typo_font_size_mobile":0,"ocean_menu_typo_font_size_unit":"px","ocean_menu_typo_font_weight":"","ocean_menu_typo_font_weight_tablet":"","ocean_menu_typo_font_weight_mobile":"","ocean_menu_typo_transform":"","ocean_menu_typo_transform_tablet":"","ocean_menu_typo_transform_mobile":"","ocean_menu_typo_line_height":0,"ocean_menu_typo_line_height_tablet":0,"ocean_menu_typo_line_height_mobile":0,"ocean_menu_typo_line_height_unit":"","ocean_menu_typo_spacing":0,"ocean_menu_typo_spacing_tablet":0,"ocean_menu_typo_spacing_mobile":0,"ocean_menu_typo_spacing_unit":"","ocean_menu_link_color":"","ocean_menu_link_color_hover":"","ocean_menu_link_color_active":"","ocean_menu_link_background":"","ocean_menu_link_hover_background":"","ocean_menu_link_active_background":"","ocean_menu_social_links_bg":"","ocean_menu_social_hover_links_bg":"","ocean_menu_social_links_color":"","ocean_menu_social_hover_links_color":"","ocean_disable_title":"on","ocean_disable_heading":"default","ocean_post_title":"","ocean_post_subheading":"","ocean_post_title_style":"","ocean_post_title_background_color":"","ocean_post_title_background":0,"ocean_post_title_bg_image_position":"","ocean_post_title_bg_image_attachment":"","ocean_post_title_bg_image_repeat":"","ocean_post_title_bg_image_size":"","ocean_post_title_height":0,"ocean_post_title_bg_overlay":0.5,"ocean_post_title_bg_overlay_color":"","ocean_disable_breadcrumbs":"default","ocean_breadcrumbs_color":"","ocean_breadcrumbs_separator_color":"","ocean_breadcrumbs_links_color":"","ocean_breadcrumbs_links_hover_color":"","ocean_display_footer_widgets":"off","ocean_display_footer_bottom":"off","ocean_custom_footer_template":"","footnotes":""},"class_list":["post-982","page","type-page","status-publish","hentry","entry"],"_links":{"self":[{"href":"https:\/\/knsb.put.poznan.pl\/index.php\/wp-json\/wp\/v2\/pages\/982","targetHints":{"allow":["GET"]}}],"collection":[{"href":"https:\/\/knsb.put.poznan.pl\/index.php\/wp-json\/wp\/v2\/pages"}],"about":[{"href":"https:\/\/knsb.put.poznan.pl\/index.php\/wp-json\/wp\/v2\/types\/page"}],"author":[{"embeddable":true,"href":"https:\/\/knsb.put.poznan.pl\/index.php\/wp-json\/wp\/v2\/users\/1"}],"replies":[{"embeddable":true,"href":"https:\/\/knsb.put.poznan.pl\/index.php\/wp-json\/wp\/v2\/comments?post=982"}],"version-history":[{"count":8,"href":"https:\/\/knsb.put.poznan.pl\/index.php\/wp-json\/wp\/v2\/pages\/982\/revisions"}],"predecessor-version":[{"id":1064,"href":"https:\/\/knsb.put.poznan.pl\/index.php\/wp-json\/wp\/v2\/pages\/982\/revisions\/1064"}],"wp:attachment":[{"href":"https:\/\/knsb.put.poznan.pl\/index.php\/wp-json\/wp\/v2\/media?parent=982"}],"curies":[{"name":"wp","href":"https:\/\/api.w.org\/{rel}","templated":true}]}}